{"id":37,"date":"2023-03-09T19:33:15","date_gmt":"2023-03-09T19:33:15","guid":{"rendered":"https:\/\/muskingenieria.com\/?page_id=37"},"modified":"2023-05-20T03:48:03","modified_gmt":"2023-05-20T03:48:03","slug":"servicios","status":"publish","type":"page","link":"https:\/\/muskingenieria.com\/index.php\/servicios\/","title":{"rendered":"Servicios"},"content":{"rendered":"\t\t<div data-elementor-type=\"wp-page\" data-elementor-id=\"37\" class=\"elementor elementor-37\" data-elementor-post-type=\"page\">\n\t\t\t\t\t\t<section class=\"elementor-section elementor-top-section elementor-element elementor-element-4b1b41c9 elementor-section-full_width elementor-section-height-min-height elementor-section-height-default elementor-section-items-middle\" data-id=\"4b1b41c9\" data-element_type=\"section\" data-e-type=\"section\" data-settings=\"{&quot;sticky&quot;:&quot;top&quot;,&quot;sticky_effects_offset&quot;:100,&quot;sticky_on&quot;:[&quot;desktop&quot;,&quot;tablet&quot;,&quot;mobile&quot;],&quot;sticky_offset&quot;:0,&quot;sticky_anchor_link_offset&quot;:0}\">\n\t\t\t\t\t\t<div class=\"elementor-container elementor-column-gap-default\">\n\t\t\t\t\t<div class=\"elementor-column elementor-col-33 elementor-top-column elementor-element elementor-element-25d8d09e\" data-id=\"25d8d09e\" data-element_type=\"column\" data-e-type=\"column\">\n\t\t\t<div class=\"elementor-widget-wrap elementor-element-populated\">\n\t\t\t\t\t\t<div class=\"elementor-element elementor-element-679eb52e elementor-widget elementor-widget-theme-site-logo elementor-widget-image\" data-id=\"679eb52e\" data-element_type=\"widget\" data-e-type=\"widget\" data-widget_type=\"theme-site-logo.default\">\n\t\t\t\t<div class=\"elementor-widget-container\">\n\t\t\t\t\t\t\t\t\t\t\t<a href=\"https:\/\/muskingenieria.com\">\n\t\t\t<img fetchpriority=\"high\" decoding=\"async\" width=\"1358\" height=\"244\" src=\"https:\/\/muskingenieria.com\/wp-content\/uploads\/2023\/03\/Recurso-19.webp\" class=\"attachment-full size-full wp-image-1324\" alt=\"\" srcset=\"https:\/\/muskingenieria.com\/wp-content\/uploads\/2023\/03\/Recurso-19.webp 1358w, https:\/\/muskingenieria.com\/wp-content\/uploads\/2023\/03\/Recurso-19-300x54.webp 300w, https:\/\/muskingenieria.com\/wp-content\/uploads\/2023\/03\/Recurso-19-1024x184.webp 1024w, https:\/\/muskingenieria.com\/wp-content\/uploads\/2023\/03\/Recurso-19-768x138.webp 768w\" sizes=\"(max-width: 1358px) 100vw, 1358px\" \/>\t\t\t\t<\/a>\n\t\t\t\t\t\t\t\t\t\t\t<\/div>\n\t\t\t\t<\/div>\n\t\t\t\t\t<\/div>\n\t\t<\/div>\n\t\t\t\t<div class=\"elementor-column elementor-col-33 elementor-top-column elementor-element elementor-element-2da66030\" data-id=\"2da66030\" data-element_type=\"column\" data-e-type=\"column\">\n\t\t\t<div class=\"elementor-widget-wrap elementor-element-populated\">\n\t\t\t\t\t\t<div class=\"elementor-element elementor-element-6c114d7a elementor-nav-menu__align-center elementor-nav-menu--dropdown-tablet elementor-nav-menu__text-align-aside elementor-nav-menu--toggle elementor-nav-menu--burger elementor-widget elementor-widget-nav-menu\" data-id=\"6c114d7a\" data-element_type=\"widget\" data-e-type=\"widget\" data-settings=\"{&quot;layout&quot;:&quot;horizontal&quot;,&quot;submenu_icon&quot;:{&quot;value&quot;:&quot;&lt;i class=\\&quot;fas fa-caret-down\\&quot;&gt;&lt;\\\/i&gt;&quot;,&quot;library&quot;:&quot;fa-solid&quot;},&quot;toggle&quot;:&quot;burger&quot;}\" data-widget_type=\"nav-menu.default\">\n\t\t\t\t<div class=\"elementor-widget-container\">\n\t\t\t\t\t\t\t\t<nav aria-label=\"Menu\" class=\"elementor-nav-menu--main elementor-nav-menu__container elementor-nav-menu--layout-horizontal e--pointer-text e--animation-float\">\n\t\t\t\t<ul id=\"menu-1-6c114d7a\" class=\"elementor-nav-menu\"><li class=\"menu-item menu-item-type-post_type menu-item-object-page menu-item-home menu-item-43\"><a href=\"https:\/\/muskingenieria.com\/\" class=\"elementor-item menu-link\">Inicio<\/a><\/li>\n<li class=\"menu-item menu-item-type-post_type menu-item-object-page menu-item-1014\"><a href=\"https:\/\/muskingenieria.com\/index.php\/quienes-somos\/\" class=\"elementor-item menu-link\">Qui\u00e9nes somos<\/a><\/li>\n<li class=\"menu-item menu-item-type-custom menu-item-object-custom menu-item-has-children menu-item-3027\"><a aria-expanded=\"false\" href=\"#\" class=\"elementor-item elementor-item-anchor menu-link\">Servicios<span role=\"application\" class=\"dropdown-menu-toggle ast-header-navigation-arrow\" tabindex=\"0\" aria-expanded=\"false\" aria-label=\"Alternar men\u00fa\" ><\/span><\/a>\n<ul class=\"sub-menu elementor-nav-menu--dropdown\">\n\t<li class=\"menu-item menu-item-type-post_type menu-item-object-page menu-item-2144\"><a href=\"https:\/\/muskingenieria.com\/index.php\/mecanizado-de-piezas-industriales\/\" class=\"elementor-sub-item menu-link\">Mecanizado de Piezas Industriales<\/a><\/li>\n\t<li class=\"menu-item menu-item-type-post_type menu-item-object-page menu-item-2142\"><a href=\"https:\/\/muskingenieria.com\/index.php\/diseno-y-automatizacion-de-equipos\/\" class=\"elementor-sub-item menu-link\">Dise\u00f1o y Automatizaci\u00f3n de Equipos<\/a><\/li>\n\t<li class=\"menu-item menu-item-type-post_type menu-item-object-page menu-item-2146\"><a href=\"https:\/\/muskingenieria.com\/index.php\/sistema-de-apoyo-critico\/\" class=\"elementor-sub-item menu-link\">Sistema de Apoyo Cr\u00edtico<\/a><\/li>\n\t<li class=\"menu-item menu-item-type-post_type menu-item-object-page menu-item-2147\"><a href=\"https:\/\/muskingenieria.com\/index.php\/sistema-de-bombeo\/\" class=\"elementor-sub-item menu-link\">Sistema de Bombeo<\/a><\/li>\n\t<li class=\"menu-item menu-item-type-post_type menu-item-object-page menu-item-2141\"><a href=\"https:\/\/muskingenieria.com\/index.php\/refrigeracion-industrial-y-ambientes-controlado\/\" class=\"elementor-sub-item menu-link\">Refrigeraci\u00f3n Industrial y Ambientes Controlado<\/a><\/li>\n\t<li class=\"menu-item menu-item-type-post_type menu-item-object-page menu-item-2143\"><a href=\"https:\/\/muskingenieria.com\/index.php\/soldaduras-especiales\/\" class=\"elementor-sub-item menu-link\">Soldaduras Especiales<\/a><\/li>\n\t<li class=\"menu-item menu-item-type-post_type menu-item-object-page menu-item-2145\"><a href=\"https:\/\/muskingenieria.com\/index.php\/ascensores-de-carga\/\" class=\"elementor-sub-item menu-link\">Ascensores de Carga<\/a><\/li>\n<\/ul>\n<\/li>\n<li class=\"menu-item menu-item-type-custom menu-item-object-custom menu-item-2683\"><a href=\"#Contacto\" class=\"elementor-item elementor-item-anchor menu-link\">Contacto<\/a><\/li>\n<\/ul>\t\t\t<\/nav>\n\t\t\t\t\t<div class=\"elementor-menu-toggle\" role=\"button\" tabindex=\"0\" aria-label=\"Menu Toggle\" aria-expanded=\"false\">\n\t\t\t<i aria-hidden=\"true\" role=\"presentation\" class=\"elementor-menu-toggle__icon--open eicon-menu-bar\"><\/i><i aria-hidden=\"true\" role=\"presentation\" class=\"elementor-menu-toggle__icon--close eicon-close\"><\/i>\t\t<\/div>\n\t\t\t\t\t<nav class=\"elementor-nav-menu--dropdown elementor-nav-menu__container\" aria-hidden=\"true\">\n\t\t\t\t<ul id=\"menu-2-6c114d7a\" class=\"elementor-nav-menu\"><li class=\"menu-item menu-item-type-post_type menu-item-object-page menu-item-home menu-item-43\"><a href=\"https:\/\/muskingenieria.com\/\" class=\"elementor-item menu-link\" tabindex=\"-1\">Inicio<\/a><\/li>\n<li class=\"menu-item menu-item-type-post_type menu-item-object-page menu-item-1014\"><a href=\"https:\/\/muskingenieria.com\/index.php\/quienes-somos\/\" class=\"elementor-item menu-link\" tabindex=\"-1\">Qui\u00e9nes somos<\/a><\/li>\n<li class=\"menu-item menu-item-type-custom menu-item-object-custom menu-item-has-children menu-item-3027\"><a aria-expanded=\"false\" href=\"#\" class=\"elementor-item elementor-item-anchor menu-link\" tabindex=\"-1\">Servicios<span role=\"application\" class=\"dropdown-menu-toggle ast-header-navigation-arrow\" tabindex=\"0\" aria-expanded=\"false\" aria-label=\"Alternar men\u00fa\" ><\/span><\/a>\n<ul class=\"sub-menu elementor-nav-menu--dropdown\">\n\t<li class=\"menu-item menu-item-type-post_type menu-item-object-page menu-item-2144\"><a href=\"https:\/\/muskingenieria.com\/index.php\/mecanizado-de-piezas-industriales\/\" class=\"elementor-sub-item menu-link\" tabindex=\"-1\">Mecanizado de Piezas Industriales<\/a><\/li>\n\t<li class=\"menu-item menu-item-type-post_type menu-item-object-page menu-item-2142\"><a href=\"https:\/\/muskingenieria.com\/index.php\/diseno-y-automatizacion-de-equipos\/\" class=\"elementor-sub-item menu-link\" tabindex=\"-1\">Dise\u00f1o y Automatizaci\u00f3n de Equipos<\/a><\/li>\n\t<li class=\"menu-item menu-item-type-post_type menu-item-object-page menu-item-2146\"><a href=\"https:\/\/muskingenieria.com\/index.php\/sistema-de-apoyo-critico\/\" class=\"elementor-sub-item menu-link\" tabindex=\"-1\">Sistema de Apoyo Cr\u00edtico<\/a><\/li>\n\t<li class=\"menu-item menu-item-type-post_type menu-item-object-page menu-item-2147\"><a href=\"https:\/\/muskingenieria.com\/index.php\/sistema-de-bombeo\/\" class=\"elementor-sub-item menu-link\" tabindex=\"-1\">Sistema de Bombeo<\/a><\/li>\n\t<li class=\"menu-item menu-item-type-post_type menu-item-object-page menu-item-2141\"><a href=\"https:\/\/muskingenieria.com\/index.php\/refrigeracion-industrial-y-ambientes-controlado\/\" class=\"elementor-sub-item menu-link\" tabindex=\"-1\">Refrigeraci\u00f3n Industrial y Ambientes Controlado<\/a><\/li>\n\t<li class=\"menu-item menu-item-type-post_type menu-item-object-page menu-item-2143\"><a href=\"https:\/\/muskingenieria.com\/index.php\/soldaduras-especiales\/\" class=\"elementor-sub-item menu-link\" tabindex=\"-1\">Soldaduras Especiales<\/a><\/li>\n\t<li class=\"menu-item menu-item-type-post_type menu-item-object-page menu-item-2145\"><a href=\"https:\/\/muskingenieria.com\/index.php\/ascensores-de-carga\/\" class=\"elementor-sub-item menu-link\" tabindex=\"-1\">Ascensores de Carga<\/a><\/li>\n<\/ul>\n<\/li>\n<li class=\"menu-item menu-item-type-custom menu-item-object-custom menu-item-2683\"><a href=\"#Contacto\" class=\"elementor-item elementor-item-anchor menu-link\" tabindex=\"-1\">Contacto<\/a><\/li>\n<\/ul>\t\t\t<\/nav>\n\t\t\t\t\t\t<\/div>\n\t\t\t\t<\/div>\n\t\t\t\t\t<\/div>\n\t\t<\/div>\n\t\t\t\t<div class=\"elementor-column elementor-col-33 elementor-top-column elementor-element elementor-element-bb360e0 elementor-hidden-mobile\" data-id=\"bb360e0\" data-element_type=\"column\" data-e-type=\"column\">\n\t\t\t<div class=\"elementor-widget-wrap\">\n\t\t\t\t\t\t\t<\/div>\n\t\t<\/div>\n\t\t\t\t\t<\/div>\n\t\t<\/section>\n\t\t\t\t<section class=\"elementor-section elementor-top-section elementor-element elementor-element-eaf03b8 elementor-section-full_width elementor-section-height-default elementor-section-height-default\" data-id=\"eaf03b8\" data-element_type=\"section\" data-e-type=\"section\">\n\t\t\t\t\t\t<div class=\"elementor-container elementor-column-gap-default\">\n\t\t\t\t\t<div class=\"elementor-column elementor-col-100 elementor-top-column elementor-element elementor-element-2882d69\" data-id=\"2882d69\" data-element_type=\"column\" data-e-type=\"column\">\n\t\t\t<div class=\"elementor-widget-wrap\">\n\t\t\t\t\t\t\t<\/div>\n\t\t<\/div>\n\t\t\t\t\t<\/div>\n\t\t<\/section>\n\t\t\t\t<section class=\"elementor-section elementor-top-section elementor-element elementor-element-20e02ac elementor-section-height-min-height elementor-section-boxed elementor-section-height-default elementor-section-items-middle elementor-invisible\" data-id=\"20e02ac\" data-element_type=\"section\" data-e-type=\"section\" data-settings=\"{&quot;background_background&quot;:&quot;classic&quot;,&quot;animation&quot;:&quot;fadeInUp&quot;}\">\n\t\t\t\t\t\t<div class=\"elementor-container elementor-column-gap-default\">\n\t\t\t\t\t<div class=\"elementor-column elementor-col-33 elementor-top-column elementor-element elementor-element-f305708\" data-id=\"f305708\" data-element_type=\"column\" data-e-type=\"column\">\n\t\t\t<div class=\"elementor-widget-wrap elementor-element-populated\">\n\t\t\t\t\t\t<div class=\"elementor-element elementor-element-0755efa elementor-widget elementor-widget-image\" data-id=\"0755efa\" data-element_type=\"widget\" data-e-type=\"widget\" data-widget_type=\"image.default\">\n\t\t\t\t<div class=\"elementor-widget-container\">\n\t\t\t\t\t\t\t\t\t\t\t\t\t\t\t<img decoding=\"async\" width=\"1358\" height=\"244\" src=\"https:\/\/muskingenieria.com\/wp-content\/uploads\/2023\/03\/Recurso-19.webp\" class=\"attachment-1536x1536 size-1536x1536 wp-image-1324\" alt=\"\" srcset=\"https:\/\/muskingenieria.com\/wp-content\/uploads\/2023\/03\/Recurso-19.webp 1358w, https:\/\/muskingenieria.com\/wp-content\/uploads\/2023\/03\/Recurso-19-300x54.webp 300w, https:\/\/muskingenieria.com\/wp-content\/uploads\/2023\/03\/Recurso-19-1024x184.webp 1024w, https:\/\/muskingenieria.com\/wp-content\/uploads\/2023\/03\/Recurso-19-768x138.webp 768w\" sizes=\"(max-width: 1358px) 100vw, 1358px\" \/>\t\t\t\t\t\t\t\t\t\t\t\t\t\t\t<\/div>\n\t\t\t\t<\/div>\n\t\t\t\t<div class=\"elementor-element elementor-element-ce056c7 elementor-widget elementor-widget-heading\" data-id=\"ce056c7\" data-element_type=\"widget\" data-e-type=\"widget\" data-widget_type=\"heading.default\">\n\t\t\t\t<div class=\"elementor-widget-container\">\n\t\t\t\t\t<h2 class=\"elementor-heading-title elementor-size-default\">S\u00edguenos: <\/h2>\t\t\t\t<\/div>\n\t\t\t\t<\/div>\n\t\t\t\t<div class=\"elementor-element elementor-element-61b91ad elementor-widget elementor-widget-heading\" data-id=\"61b91ad\" data-element_type=\"widget\" data-e-type=\"widget\" data-widget_type=\"heading.default\">\n\t\t\t\t<div class=\"elementor-widget-container\">\n\t\t\t\t\t<h2 class=\"elementor-heading-title elementor-size-default\">Cont\u00e1ctanos: <\/h2>\t\t\t\t<\/div>\n\t\t\t\t<\/div>\n\t\t\t\t<div class=\"elementor-element elementor-element-ddfb08f elementor-widget elementor-widget-text-editor\" data-id=\"ddfb08f\" data-element_type=\"widget\" data-e-type=\"widget\" data-widget_type=\"text-editor.default\">\n\t\t\t\t<div class=\"elementor-widget-container\">\n\t\t\t\t\t\t\t\t\t<p><strong>+(57) 320 7963906<\/strong><\/p><p><strong>info@muskingenieria.com<\/strong><\/p><p><strong>Calle 1B # 27 &#8211; 30<\/strong><\/p>\t\t\t\t\t\t\t\t<\/div>\n\t\t\t\t<\/div>\n\t\t\t\t\t<\/div>\n\t\t<\/div>\n\t\t\t\t<div class=\"elementor-column elementor-col-33 elementor-top-column elementor-element elementor-element-a57ed23\" data-id=\"a57ed23\" data-element_type=\"column\" data-e-type=\"column\">\n\t\t\t<div class=\"elementor-widget-wrap elementor-element-populated\">\n\t\t\t\t\t\t<div class=\"elementor-element elementor-element-5804064 elementor-widget elementor-widget-heading\" data-id=\"5804064\" data-element_type=\"widget\" data-e-type=\"widget\" data-widget_type=\"heading.default\">\n\t\t\t\t<div class=\"elementor-widget-container\">\n\t\t\t\t\t<h2 class=\"elementor-heading-title elementor-size-default\">+(57) 320 7963906\n\n<\/h2>\t\t\t\t<\/div>\n\t\t\t\t<\/div>\n\t\t\t\t<div class=\"elementor-element elementor-element-86b1e2f elementor-widget elementor-widget-heading\" data-id=\"86b1e2f\" data-element_type=\"widget\" data-e-type=\"widget\" data-widget_type=\"heading.default\">\n\t\t\t\t<div class=\"elementor-widget-container\">\n\t\t\t\t\t<h2 class=\"elementor-heading-title elementor-size-default\">Servicios:<\/h2>\t\t\t\t<\/div>\n\t\t\t\t<\/div>\n\t\t\t\t<div class=\"elementor-element elementor-element-c887ac2 elementor-widget elementor-widget-text-editor\" data-id=\"c887ac2\" data-element_type=\"widget\" data-e-type=\"widget\" data-widget_type=\"text-editor.default\">\n\t\t\t\t<div class=\"elementor-widget-container\">\n\t\t\t\t\t\t\t\t\t<ul><li>Refrigeraci\u00f3n Industrial y Ambientes Controlados<\/li><li>Dise\u00f1o y Automatizaci\u00f3n de Equipos<\/li><li>Soldaduras Especiales<\/li><li>Mecanizado de Piezas Industriales\u00a0<\/li><li>Ascensores de carga<\/li><li>Sistema de Apoyo Cr\u00edtico<\/li><li>Sistema de bombeo<\/li><\/ul>\t\t\t\t\t\t\t\t<\/div>\n\t\t\t\t<\/div>\n\t\t\t\t\t<\/div>\n\t\t<\/div>\n\t\t\t\t<div class=\"elementor-column elementor-col-33 elementor-top-column elementor-element elementor-element-ce6a0f0\" data-id=\"ce6a0f0\" data-element_type=\"column\" data-e-type=\"column\">\n\t\t\t<div class=\"elementor-widget-wrap elementor-element-populated\">\n\t\t\t\t\t\t<div class=\"elementor-element elementor-element-79087af elementor-widget elementor-widget-heading\" data-id=\"79087af\" data-element_type=\"widget\" data-e-type=\"widget\" data-widget_type=\"heading.default\">\n\t\t\t\t<div class=\"elementor-widget-container\">\n\t\t\t\t\t<h1 class=\"elementor-heading-title elementor-size-default\">Contribuimos al planeta<\/h1>\t\t\t\t<\/div>\n\t\t\t\t<\/div>\n\t\t\t\t<div class=\"elementor-element elementor-element-0645096 elementor-widget elementor-widget-image\" data-id=\"0645096\" data-element_type=\"widget\" data-e-type=\"widget\" data-widget_type=\"image.default\">\n\t\t\t\t<div class=\"elementor-widget-container\">\n\t\t\t\t\t\t\t\t\t\t\t\t\t\t\t<img decoding=\"async\" width=\"520\" height=\"520\" src=\"https:\/\/muskingenieria.com\/wp-content\/uploads\/2023\/03\/Sin-titulo-1080-\u00d7-1350-px-520-\u00d7-520-px-11.png\" class=\"attachment-large size-large wp-image-1680\" alt=\"\" srcset=\"https:\/\/muskingenieria.com\/wp-content\/uploads\/2023\/03\/Sin-titulo-1080-\u00d7-1350-px-520-\u00d7-520-px-11.png 520w, https:\/\/muskingenieria.com\/wp-content\/uploads\/2023\/03\/Sin-titulo-1080-\u00d7-1350-px-520-\u00d7-520-px-11-300x300.png 300w, https:\/\/muskingenieria.com\/wp-content\/uploads\/2023\/03\/Sin-titulo-1080-\u00d7-1350-px-520-\u00d7-520-px-11-150x150.png 150w\" sizes=\"(max-width: 520px) 100vw, 520px\" \/>\t\t\t\t\t\t\t\t\t\t\t\t\t\t\t<\/div>\n\t\t\t\t<\/div>\n\t\t\t\t\t<\/div>\n\t\t<\/div>\n\t\t\t\t\t<\/div>\n\t\t<\/section>\n\t\t\t\t<section class=\"elementor-section elementor-top-section elementor-element elementor-element-9e7d15d elementor-section-boxed elementor-section-height-default elementor-section-height-default\" data-id=\"9e7d15d\" data-element_type=\"section\" data-e-type=\"section\" data-settings=\"{&quot;background_background&quot;:&quot;classic&quot;}\">\n\t\t\t\t\t\t<div class=\"elementor-container elementor-column-gap-default\">\n\t\t\t\t\t<div class=\"elementor-column elementor-col-100 elementor-top-column elementor-element elementor-element-12ee0ff\" data-id=\"12ee0ff\" data-element_type=\"column\" data-e-type=\"column\">\n\t\t\t<div class=\"elementor-widget-wrap elementor-element-populated\">\n\t\t\t\t\t\t<div class=\"elementor-element elementor-element-97554e3 elementor-widget elementor-widget-heading\" data-id=\"97554e3\" data-element_type=\"widget\" data-e-type=\"widget\" data-widget_type=\"heading.default\">\n\t\t\t\t<div class=\"elementor-widget-container\">\n\t\t\t\t\t<h2 class=\"elementor-heading-title elementor-size-default\">Copyright \u00a9 2020 - 2023 Todos los derechos reservados - Musk Ingenier\u00eda SAS<\/h2>\t\t\t\t<\/div>\n\t\t\t\t<\/div>\n\t\t\t\t\t<\/div>\n\t\t<\/div>\n\t\t\t\t\t<\/div>\n\t\t<\/section>\n\t\t\t\t<\/div>\n\t\t","protected":false},"excerpt":{"rendered":"<p>l\u00ednea de emergencia 24\/7 S\u00edguenos: Facebook Twitter LinkedIn Cont\u00e1ctanos: +(57) 320 7963906 info@muskingenieria.com Calle 1B # 27 &#8211; 30 +(57) 320 7963906 Servicios: Refrigeraci\u00f3n Industrial y Ambientes Controlados Dise\u00f1o y Automatizaci\u00f3n de Equipos Soldaduras Especiales Mecanizado de Piezas Industriales\u00a0 Ascensores de carga Sistema de Apoyo Cr\u00edtico Sistema de bombeo Contribuimos al planeta Copyright \u00a9 2020 [&hellip;]<\/p>\n","protected":false},"author":1,"featured_media":0,"parent":0,"menu_order":0,"comment_status":"closed","ping_status":"closed","template":"elementor_canvas","meta":{"site-sidebar-layout":"no-sidebar","site-content-layout":"page-builder","ast-site-content-layout":"","site-content-style":"default","site-sidebar-style":"default","ast-global-header-display":"","ast-banner-title-visibility":"","ast-main-header-display":"","ast-hfb-above-header-display":"","ast-hfb-below-header-display":"","ast-hfb-mobile-header-display":"","site-post-title":"disabled","ast-breadcrumbs-content":"","ast-featured-img":"disabled","footer-sml-layout":"","theme-transparent-header-meta":"","adv-header-id-meta":"","stick-header-meta":"","header-above-stick-meta":"","header-main-stick-meta":"","header-below-stick-meta":"","astra-migrate-meta-layouts":"default","ast-page-background-enabled":"default","ast-page-background-meta":{"desktop":{"background-color":"var(--ast-global-color-4)","background-image":"","background-repeat":"repeat","background-position":"center center","background-size":"auto","background-attachment":"scroll","background-type":"","background-media":"","overlay-type":"","overlay-color":"","overlay-opacity":"","overlay-gradient":""},"tablet":{"background-color":"","background-image":"","background-repeat":"repeat","background-position":"center center","background-size":"auto","background-attachment":"scroll","background-type":"","background-media":"","overlay-type":"","overlay-color":"","overlay-opacity":"","overlay-gradient":""},"mobile":{"background-color":"","background-image":"","background-repeat":"repeat","background-position":"center center","background-size":"auto","background-attachment":"scroll","background-type":"","background-media":"","overlay-type":"","overlay-color":"","overlay-opacity":"","overlay-gradient":""}},"ast-content-background-meta":{"desktop":{"background-color":"var(--ast-global-color-5)","background-image":"","background-repeat":"repeat","background-position":"center center","background-size":"auto","background-attachment":"scroll","background-type":"","background-media":"","overlay-type":"","overlay-color":"","overlay-opacity":"","overlay-gradient":""},"tablet":{"background-color":"var(--ast-global-color-5)","background-image":"","background-repeat":"repeat","background-position":"center center","background-size":"auto","background-attachment":"scroll","background-type":"","background-media":"","overlay-type":"","overlay-color":"","overlay-opacity":"","overlay-gradient":""},"mobile":{"background-color":"var(--ast-global-color-5)","background-image":"","background-repeat":"repeat","background-position":"center center","background-size":"auto","background-attachment":"scroll","background-type":"","background-media":"","overlay-type":"","overlay-color":"","overlay-opacity":"","overlay-gradient":""}},"_joinchat":[],"footnotes":""},"class_list":["post-37","page","type-page","status-publish","hentry"],"_links":{"self":[{"href":"https:\/\/muskingenieria.com\/index.php\/wp-json\/wp\/v2\/pages\/37"}],"collection":[{"href":"https:\/\/muskingenieria.com\/index.php\/wp-json\/wp\/v2\/pages"}],"about":[{"href":"https:\/\/muskingenieria.com\/index.php\/wp-json\/wp\/v2\/types\/page"}],"author":[{"embeddable":true,"href":"https:\/\/muskingenieria.com\/index.php\/wp-json\/wp\/v2\/users\/1"}],"replies":[{"embeddable":true,"href":"https:\/\/muskingenieria.com\/index.php\/wp-json\/wp\/v2\/comments?post=37"}],"version-history":[{"count":22,"href":"https:\/\/muskingenieria.com\/index.php\/wp-json\/wp\/v2\/pages\/37\/revisions"}],"predecessor-version":[{"id":2164,"href":"https:\/\/muskingenieria.com\/index.php\/wp-json\/wp\/v2\/pages\/37\/revisions\/2164"}],"wp:attachment":[{"href":"https:\/\/muskingenieria.com\/index.php\/wp-json\/wp\/v2\/media?parent=37"}],"curies":[{"name":"wp","href":"https:\/\/api.w.org\/{rel}","templated":true}]}}